{"id":1546,"date":"2023-08-31T01:02:05","date_gmt":"2023-08-31T00:02:05","guid":{"rendered":"https:\/\/premium-cargo.rs\/?page_id=1546"},"modified":"2023-09-29T23:39:41","modified_gmt":"2023-09-29T22:39:41","slug":"brodski-prevoz","status":"publish","type":"page","link":"http:\/\/premium-cargo.rs\/en\/brodski-prevoz\/","title":{"rendered":"Sea freight"},"content":{"rendered":"<section class=\"wpb-content-wrapper\"><div class=\"vc_row wpb_row vc_row-fluid vc_custom_1448347192284\"><div class=\"wpb_column vc_column_container vc_col-sm-12 vc_col-lg-4 vc_col-md-4\"><div class=\"vc_column-inner\"><div class=\"wpb_wrapper\">\n\t<div class=\"wpb_text_column wpb_content_element  vc_custom_1693440044204\" >\n\t\t<div class=\"wpb_wrapper\">\n\t\t\t<h2>Brodski prevoz<\/h2>\n\n\t\t<\/div>\n\t<\/div>\n<\/div><\/div><\/div><div class=\"wpb_column vc_column_container vc_col-sm-6 vc_col-lg-4 vc_col-md-4\"><div class=\"vc_column-inner\"><div class=\"wpb_wrapper\">\n\t<div class=\"wpb_text_column wpb_content_element \" >\n\t\t<div class=\"wpb_wrapper\">\n\t\t\t<p>Okeanski transport je najpoznatiji i najzastupljeniji vid transporta u internacionalnom lancu snabdevanja. Mi Vam mo\u017eemo ponuditi jedinstvena re\u0161enja OD \u2013 DO bilo koje ta\u010dke.<\/p>\n\n\t\t<\/div>\n\t<\/div>\n<\/div><\/div><\/div><div class=\"wpb_column vc_column_container vc_col-sm-6 vc_col-lg-4 vc_col-md-4\"><div class=\"vc_column-inner\"><div class=\"wpb_wrapper\">\n\t<div class=\"wpb_text_column wpb_content_element \" >\n\t\t<div class=\"wpb_wrapper\">\n\t\t\t<p>Blisko sara\u0111ujemo sa \u0161irokim portfolijom pouzdanih i poznatih globalnih i regionalnih prevoznika. Pru\u017eamo vam najbolja re\u0161enja kao i obave\u0161tavanje o statusu va\u0161e po\u0161iljke na svakom koraku.<\/p>\n\n\t\t<\/div>\n\t<\/div>\n<\/div><\/div><\/div><\/div><div class=\"vc_row wpb_row vc_row-fluid vc_custom_1449137019491\"><div class=\"wpb_column vc_column_container vc_col-sm-6\"><div class=\"vc_column-inner\"><div class=\"wpb_wrapper\">\n\t<div class=\"wpb_text_column wpb_content_element  vc_custom_1693440115369\" >\n\t\t<div class=\"wpb_wrapper\">\n\t\t\t<p>Na\u0161e usluge u oblasti brodskog transporta uklju\u010duju organizaciju prevoza punih i zbirnih kontejnerskih utovara, organizaciju prevoza vangabaritnog, rasutog i te\u010dnog tereta i usluge osiguranja robe.<\/p>\n<p>Sara\u0111uju\u0107i sa najve\u0107im svetskim brodarskim kompanijama, kao i kompanijama koje su specijalizovane za odre\u0111ena tr\u017ei\u0161ta, mo\u017eemo vam ponuditi najpovoljnije uslove u pogledu cene prevoza i raspolo\u017eivosti tovarnog prostora.<\/p>\n\n\t\t<\/div>\n\t<\/div>\n<\/div><\/div><\/div><div class=\"wpb_column vc_column_container vc_col-sm-6\"><div class=\"vc_column-inner\"><div class=\"wpb_wrapper\"><div class=\"wpb_gallery wpb_content_element vc_clearfix\" ><div class=\"wpb_wrapper\"><div class=\"wpb_gallery_slides wpb_flexslider flexslider_fade flexslider\" data-interval=\"3\" data-flex_fx=\"fade\"><ul class=\"slides\"><li><a class=\"\" href=\"https:\/\/premium-cargo.rs\/wp-content\/uploads\/2023\/08\/brodski-prevoz-3.jpg\" data-lightbox=\"lightbox[rel-1546-1196727014]\"><img loading=\"lazy\" decoding=\"async\" class=\"\" src=\"https:\/\/premium-cargo.rs\/wp-content\/uploads\/2023\/08\/brodski-prevoz-3.jpg\" width=\"500\" height=\"300\" alt=\"brodski-prevoz-3\" title=\"brodski-prevoz-3\" \/><\/a><\/li><li><a class=\"\" href=\"https:\/\/premium-cargo.rs\/wp-content\/uploads\/2023\/08\/brodski-prevoz-2.jpg\" data-lightbox=\"lightbox[rel-1546-1196727014]\"><img loading=\"lazy\" decoding=\"async\" class=\"\" src=\"https:\/\/premium-cargo.rs\/wp-content\/uploads\/2023\/08\/brodski-prevoz-2.jpg\" width=\"500\" height=\"300\" alt=\"brodski-prevoz-2\" title=\"brodski-prevoz-2\" \/><\/a><\/li><li><a class=\"\" href=\"https:\/\/premium-cargo.rs\/wp-content\/uploads\/2023\/08\/brodski-prevoz-1.jpg\" data-lightbox=\"lightbox[rel-1546-1196727014]\"><img loading=\"lazy\" decoding=\"async\" class=\"\" src=\"https:\/\/premium-cargo.rs\/wp-content\/uploads\/2023\/08\/brodski-prevoz-1.jpg\" width=\"500\" height=\"300\" alt=\"brodski-prevoz-1\" title=\"brodski-prevoz-1\" \/><\/a><\/li><\/ul><\/div><\/div><\/div><\/div><\/div><\/div><\/div><div data-vc-full-width=\"true\" data-vc-full-width-init=\"false\" data-vc-stretch-content=\"true\" class=\"vc_row wpb_row vc_row-fluid secondary_bg_color services_icons reset-sm-paddings vc_custom_1450671531930 vc_row-no-padding vc_row-o-equal-height vc_row-o-content-top vc_row-flex\"><div class=\"wpb_column vc_column_container vc_col-sm-12 vc_col-lg-4 vc_col-md-4\"><div class=\"vc_column-inner vc_custom_1449204255225\"><div class=\"wpb_wrapper\">\n<div class=\"stm_icon center icon_position_top\">\n\t\t\t<div class=\"icon\" style=\"font-size: 67px; height: 90px; color: #ffffff;\">\n\t\t\t<i class=\"stm-ground-transport\"><\/i>\n\t\t<\/div>\n\t\t<div class=\"icon_text\">\n\t\t\t\t\t<div class=\"title\" style=\"font-size: 24px; font-weight: 700; color: #ffffff;\">\n\t\t\t\t\t\t\t\t\tTRANSPORT\t\t\t\t\t\t\t<\/div>\n\t\t\t\t\t<\/div>\n<\/div>\n<\/div><\/div><\/div><div class=\"wpb_column vc_column_container vc_col-sm-12 vc_col-lg-4 vc_col-md-4 vc_col-has-fill\"><div class=\"vc_column-inner vc_custom_1449204260881\"><div class=\"wpb_wrapper\">\n<div class=\"stm_icon center icon_position_top\">\n\t\t\t<div class=\"icon\" style=\"font-size: 67px; height: 90px; color: #ffffff;\">\n\t\t\t<i class=\"fas fa-people-carry\"><\/i>\n\t\t<\/div>\n\t\t<div class=\"icon_text\">\n\t\t\t\t\t<\/div>\n<\/div>\n<\/div><\/div><\/div><div class=\"wpb_column vc_column_container vc_col-sm-12 vc_col-lg-4 vc_col-md-4 vc_col-has-fill\"><div class=\"vc_column-inner vc_custom_1449204266169\"><div class=\"wpb_wrapper\">\n<div class=\"stm_icon center icon_position_top\">\n\t\t\t<div class=\"icon\" style=\"font-size: 67px; height: 90px; color: #ffffff;\">\n\t\t\t<i class=\"fas fa-user-shield\"><\/i>\n\t\t<\/div>\n\t\t<div class=\"icon_text\">\n\t\t\t\t\t<div class=\"title\" style=\"font-size: 24px; font-weight: 700; color: #ffffff;\">\n\t\t\t\t\t\t\t\t\tOSIGURANJE\t\t\t\t\t\t\t<\/div>\n\t\t\t\t\t<\/div>\n<\/div>\n<\/div><\/div><\/div><\/div><div class=\"vc_row-full-width\"><\/div><div data-vc-full-width=\"true\" data-vc-full-width-init=\"false\" class=\"vc_row wpb_row vc_row-fluid vc_custom_1448346440762 vc_row-has-fill\"><div class=\"wpb_column vc_column_container vc_col-sm-12\"><div class=\"vc_column-inner\"><div class=\"wpb_wrapper\"><div class=\"vc_row wpb_row vc_inner vc_row-fluid vc_custom_1449136946410\"><div class=\"wpb_column vc_column_container vc_col-sm-6\"><div class=\"vc_column-inner vc_custom_1449136957585\"><div class=\"wpb_wrapper\">\n<div class=\"stm_icon left icon_position_top\">\n\t\t\t<div class=\"icon\" style=\"font-size: 73px; height: 100px;\">\n\t\t\t<i class=\"stm-transport839\"><\/i>\n\t\t<\/div>\n\t\t<div class=\"icon_text\">\n\t\t\t\t\t<div class=\"title\" style=\"font-size: 24px; font-weight: 700; color: #ffffff;\">\n\t\t\t\t\t\t\t\t\t\t\t\t\t\t<a style=\"font-size: 24px; font-weight: 700; color: #ffffff;\" href=\"https:\/\/premium-cargo.rs\/avio-prevoz\/\" target=\"_self\">AVIO PREVOZ<\/a>\n\t\t\t\t\t\t\t<\/div>\n\t\t\t\t\t\t\t<div class=\"text\" style=\"color: #ffffff;\">\n\t\t\t\t<p>Nudimo organizaciju avio prevoza robe iz, kao i u zemlju \u2013 ka destinacijama \u0161irom sveta. Premium Cargo posluje sa svakom avio kompanijom koja leti za Srbiju.<\/p>\n\t\t\t<\/div>\n\t\t\t<\/div>\n<\/div>\n<\/div><\/div><\/div><div class=\"wpb_column vc_column_container vc_col-sm-6\"><div class=\"vc_column-inner vc_custom_1449136961602\"><div class=\"wpb_wrapper\">\n<div class=\"stm_icon left icon_position_top\">\n\t\t\t<div class=\"icon\" style=\"font-size: 89px; height: 100px;\">\n\t\t\t<i class=\"stm-transport842\"><\/i>\n\t\t<\/div>\n\t\t<div class=\"icon_text\">\n\t\t\t\t\t<div class=\"title\" style=\"font-size: 24px; font-weight: 700; color: #ffffff;\">\n\t\t\t\t\t\t\t\t\t\t\t\t\t\t<a style=\"font-size: 24px; font-weight: 700; color: #ffffff;\" href=\"https:\/\/premium-cargo.rs\/drumski-prevoz\/\" target=\"_self\">DRUMSKI PREVOZ<\/a>\n\t\t\t\t\t\t\t<\/div>\n\t\t\t\t\t\t\t<div class=\"text\" style=\"color: #ffffff;\">\n\t\t\t\t<p>Na\u0161 tim iskusnih logisti\u010dkih specijalista je potpuno fokusiran na obezbe\u0111enje najvi\u0161ih poslovnih standarda, osiguravaju\u0107i da Va\u0161e po\u0161iljke stignu na odredi\u0161te sigurno, na vreme i u odli\u010dnim uslovima.<\/p>\n\t\t\t<\/div>\n\t\t\t<\/div>\n<\/div>\n<\/div><\/div><\/div><\/div><div class=\"vc_row wpb_row vc_inner vc_row-fluid vc_custom_1449136951770\"><div class=\"wpb_column vc_column_container vc_col-sm-6\"><div class=\"vc_column-inner vc_custom_1449136966415\"><div class=\"wpb_wrapper\">\n<div class=\"stm_icon left icon_position_top\">\n\t\t\t<div class=\"icon\" style=\"font-size: 89px; height: 100px;\">\n\t\t\t<i class=\"stm-ship\"><\/i>\n\t\t<\/div>\n\t\t<div class=\"icon_text\">\n\t\t\t\t\t<div class=\"title\" style=\"font-size: 24px; font-weight: 700; color: #ffffff;\">\n\t\t\t\t\t\t\t\t\t\t\t\t\t\t<a style=\"font-size: 24px; font-weight: 700; color: #ffffff;\" href=\"https:\/\/premium-cargo.rs\/brodski-prevoz\/\" target=\"_self\">BRODSKI PREVOZ<\/a>\n\t\t\t\t\t\t\t<\/div>\n\t\t\t\t\t\t\t<div class=\"text\" style=\"color: #ffffff;\">\n\t\t\t\t<p>Okeanski transport je najpoznatiji i najzastupljeniji vid transporta u internacionalnom lancu snabdevanja. Mi Vam mo\u017eemo ponuditi jedinstvena re\u0161enja OD \u2013 DO bilo koje ta\u010dke.<\/p>\n\t\t\t<\/div>\n\t\t\t<\/div>\n<\/div>\n<\/div><\/div><\/div><div class=\"wpb_column vc_column_container vc_col-sm-6\"><div class=\"vc_column-inner vc_custom_1449136971250\"><div class=\"wpb_wrapper\">\n<div class=\"stm_icon left icon_position_top\">\n\t\t\t<div class=\"icon\" style=\"font-size: 89px; height: 100px;\">\n\t\t\t<i class=\"stm-projects-done\"><\/i>\n\t\t<\/div>\n\t\t<div class=\"icon_text\">\n\t\t\t\t\t<div class=\"title\" style=\"font-size: 24px; font-weight: 700; color: #ffffff;\">\n\t\t\t\t\t\t\t\t\t\t\t\t\t\t<a style=\"font-size: 24px; font-weight: 700; color: #ffffff;\" href=\"https:\/\/premium-cargo.rs\/carinsko-zastupanje\/\" target=\"_self\">CARINJENJE<\/a>\n\t\t\t\t\t\t\t<\/div>\n\t\t\t\t\t\t\t<div class=\"text\" style=\"color: #ffffff;\">\n\t\t\t\t<p>Nudimo Vam brzu i sigurnu uslugu carinjenja, bez obzira o kom se carinskom postupku radi. Uvek dostupni carinski referenti \u0107e se pobrinuti da se postupak carinjenja obavi u \u0161to kra\u0107em vremenskom roku i na obostrano zadovoljstvo.<\/p>\n\t\t\t<\/div>\n\t\t\t<\/div>\n<\/div>\n<\/div><\/div><\/div><\/div><div class=\"vc_row wpb_row vc_inner vc_row-fluid\"><div class=\"wpb_column vc_column_container vc_col-sm-6\"><div class=\"vc_column-inner\"><div class=\"wpb_wrapper\">\n<div class=\"stm_icon left icon_position_top\">\n\t\t\t<div class=\"icon\" style=\"font-size: 89px; height: 100px;\">\n\t\t\t<i class=\"stm-fast-delivery\"><\/i>\n\t\t<\/div>\n\t\t<div class=\"icon_text\">\n\t\t\t\t\t<div class=\"title\" style=\"font-size: 24px; font-weight: 700; color: #ffffff;\">\n\t\t\t\t\t\t\t\t\t\t\t\t\t\t<a style=\"font-size: 24px; font-weight: 700; color: #ffffff;\" href=\"https:\/\/premium-cargo.rs\/obc\/\" target=\"_self\">TIME CRITICAL\/HAND CARRY\/OBC<\/a>\n\t\t\t\t\t\t\t<\/div>\n\t\t\t\t\t\t\t<div class=\"text\" style=\"color: #ffffff;\">\n\t\t\t\t<p>Za izuzetno osetljive ili vredne isporuke, gde je prva moguc\u0301nost isporuke od najvec\u0301e va\u017enosti, dodatna sigurnost po\u0161iljke koja se ru\u010dno prenosi do odredi\u0161ta je pravo re\u0161enje.<\/p>\n\t\t\t<\/div>\n\t\t\t<\/div>\n<\/div>\n<\/div><\/div><\/div><div class=\"wpb_column vc_column_container vc_col-sm-6\"><div class=\"vc_column-inner\"><div class=\"wpb_wrapper\"><\/div><\/div><\/div><\/div><\/div><\/div><\/div><\/div><div class=\"vc_row-full-width\"><\/div><div data-vc-full-width=\"true\" data-vc-full-width-init=\"false\" class=\"vc_row wpb_row vc_row-fluid secondary_bg_color\"><div class=\"wpb_column vc_column_container vc_col-sm-12\"><div class=\"vc_column-inner\"><div class=\"wpb_wrapper\"><section class=\"vc_cta3-container\"><div class=\"vc_general vc_cta3 secondary_bg_color vc_cta3-style-classic vc_cta3-shape-square vc_cta3-align-left vc_cta3-color-classic vc_cta3-icon-size-md vc_cta3-actions-right\"><div class=\"vc_cta3_content-container\"><div class=\"vc_cta3-content\"><header class=\"vc_cta3-content-header\"><h2>Niste sigurni koje re\u0161enje odgovara va\u0161im poslovnim potrebama?<\/h2><\/header><\/div><div class=\"vc_cta3-actions\"><div class=\"vc_btn3-container vc_btn3-inline\" ><a class=\"vc_general vc_btn3 vc_btn3-size-md vc_btn3-shape-round vc_btn3-style-outline vc_btn3-icon-right vc_btn3-color-white\" href=\"https:\/\/premium-cargo.rs\/kontakt\/\" title=\"Kontakt\">Pozovite nas <i class=\"vc_btn3-icon stm-arrow-next\"><\/i><\/a><\/div><\/div><\/div><\/div><\/section><\/div><\/div><\/div><\/div><div class=\"vc_row-full-width\"><\/div>\n<\/section>","protected":false},"excerpt":{"rendered":"Brodski prevoz Okeanski transport je najpoznatiji i najzastupljeniji vid transporta u internacionalnom lancu snabdevanja. Mi Vam mo\u017eemo ponuditi jedinstvena re\u0161enja OD \u2013 DO bilo koje ta\u010dke. Blisko sara\u0111ujemo sa \u0161irokim portfolijom pouzdanih i...","protected":false},"author":1,"featured_media":0,"parent":0,"menu_order":0,"comment_status":"closed","ping_status":"closed","template":"","meta":{"om_disable_all_campaigns":false,"_monsterinsights_skip_tracking":false,"_monsterinsights_sitenote_active":false,"_monsterinsights_sitenote_note":"","_monsterinsights_sitenote_category":0,"_uf_show_specific_survey":0,"_uf_disable_surveys":false,"_themeisle_gutenberg_block_has_review":false,"footnotes":""},"class_list":["post-1546","page","type-page","status-publish","hentry"],"aioseo_notices":[],"_links":{"self":[{"href":"http:\/\/premium-cargo.rs\/en\/wp-json\/wp\/v2\/pages\/1546","targetHints":{"allow":["GET"]}}],"collection":[{"href":"http:\/\/premium-cargo.rs\/en\/wp-json\/wp\/v2\/pages"}],"about":[{"href":"http:\/\/premium-cargo.rs\/en\/wp-json\/wp\/v2\/types\/page"}],"author":[{"embeddable":true,"href":"http:\/\/premium-cargo.rs\/en\/wp-json\/wp\/v2\/users\/1"}],"replies":[{"embeddable":true,"href":"http:\/\/premium-cargo.rs\/en\/wp-json\/wp\/v2\/comments?post=1546"}],"version-history":[{"count":8,"href":"http:\/\/premium-cargo.rs\/en\/wp-json\/wp\/v2\/pages\/1546\/revisions"}],"predecessor-version":[{"id":1676,"href":"http:\/\/premium-cargo.rs\/en\/wp-json\/wp\/v2\/pages\/1546\/revisions\/1676"}],"wp:attachment":[{"href":"http:\/\/premium-cargo.rs\/en\/wp-json\/wp\/v2\/media?parent=1546"}],"curies":[{"name":"wp","href":"https:\/\/api.w.org\/{rel}","templated":true}]}}